{"id":31,"date":"2023-04-28T06:57:10","date_gmt":"2023-04-28T06:57:10","guid":{"rendered":"https:\/\/aviator-game-online.net\/?page_id=31"},"modified":"2023-09-01T06:32:09","modified_gmt":"2023-09-01T06:32:09","slug":"download","status":"publish","type":"page","link":"https:\/\/aviator-game-online.net\/pt-br\/download\/","title":{"rendered":"Download do jogo Aviator"},"content":{"rendered":"<p>Na verdade, todos est\u00e3o familiarizados com a situa\u00e7\u00e3o de n\u00e3o conseguir encontrar um jogo empolgante que possa interess\u00e1-lo por muito tempo. Escolhemos uma excelente variante do jogo que pode lhe interessar e simplificar sua busca. Voc\u00ea pode baixar facilmente o apk do jogo Aviator e aproveitar a grandeza e a simplicidade do jogo nos primeiros minutos.<\/p>\n<p><img loading=\"lazy\" decoding=\"async\" class=\"aligncenter wp-image-33\" src=\"https:\/\/aviator-game-online.net\/wp-content\/uploads\/2023\/04\/aviator-game.jpg\" alt=\"\" width=\"800\" height=\"450\" srcset=\"https:\/\/aviator-game-online.net\/wp-content\/uploads\/2023\/04\/aviator-game.jpg 1280w, https:\/\/aviator-game-online.net\/wp-content\/uploads\/2023\/04\/aviator-game-300x169.jpg 300w, https:\/\/aviator-game-online.net\/wp-content\/uploads\/2023\/04\/aviator-game-1024x576.jpg 1024w, https:\/\/aviator-game-online.net\/wp-content\/uploads\/2023\/04\/aviator-game-768x432.jpg 768w, https:\/\/aviator-game-online.net\/wp-content\/uploads\/2023\/04\/aviator-game-800x450.jpg 800w\" sizes=\"auto, (max-width: 800px) 100vw, 800px\" \/><\/p>\n<div class=\"play-now-get-btn\"><a href=\"\/go-casino\/?brand=slot-aviator\" target=\"_blank\" rel=\"noopener\">JOGUE AGORA<\/a><\/div>\n<style>\n.play-now-get-btn {\n\ttext-align:center;\n\tmargin: 20px 0;\n}\n.play-now-get-btn a {\n\ttext-align: center;\n    display: inline-block;\n    background: #ff3d00;\n    color: #fff !important;\n    text-decoration: none !important;\n    border-radius: 5px;\n    padding: 15px 25px;\n    font-weight: bold;\n}\n.play-now-get-btn a:hover {\n    background: #d93400;\n}\n<\/style>\n<h2>Sistemas operacionais suportados<\/h2>\n<p>Definitivamente, vale a pena experimentar e baixar o jogo Aviator em qualquer dispositivo conveniente. Esse jogo \u00e9 compat\u00edvel com a instala\u00e7\u00e3o em qualquer dispositivo de jogo:<\/p>\n<ul>\n<li aria-level=\"1\">computador pessoal;<\/li>\n<li aria-level=\"1\">seu smartphone;<\/li>\n<li aria-level=\"1\">tablet ou laptop.<\/li>\n<\/ul>\n<p>Observe tamb\u00e9m que qualquer usu\u00e1rio pode baixar o jogo Aviator em qualquer sistema operacional adequado para ele. \u00c0s vezes, as formas de instalar esse aplicativo podem ser diferentes de acordo com o dispositivo ou o sistema.<\/p>\n<h2>Android<\/h2>\n<p>Ao jogar esse jogo no Android, voc\u00ea n\u00e3o perder\u00e1 todos os recursos e conveni\u00eancias do jogo. O principal recurso continua sendo a necessidade de fazer o download do jogo Aviator corretamente em seu dispositivo:<\/p>\n<ol>\n<li aria-level=\"1\">Visite o site desse jogo.<\/li>\n<li aria-level=\"1\">Encontre o link que permite que voc\u00ea instale o jogo.<\/li>\n<li aria-level=\"1\">Determinar o local.<\/li>\n<\/ol>\n<p>O download do aplicativo do jogo Aviator \u00e9 bastante simples e n\u00e3o leva muito tempo. Voc\u00ea pode experimentar diferentes formatos de entretenimento e testar sua pr\u00f3pria for\u00e7a a qualquer momento, mesmo sem o envolvimento de sorte especial. Voc\u00ea poder\u00e1 jogar de qualquer maneira.<\/p>\n<h2>iOS (iPhone)<\/h2>\n<p>Se voc\u00ea tiver um sistema IOS, a maneira de baixar o aplicativo do jogo Aviator \u00e9 quase igual \u00e0 op\u00e7\u00e3o de instala\u00e7\u00e3o anterior. Ao jogar em seu dispositivo IOS, voc\u00ea ter\u00e1 todos os recursos dispon\u00edveis e as adi\u00e7\u00f5es ao jogo. Voc\u00ea tamb\u00e9m pode experimentar todos os modos de download da previs\u00e3o do jogo Aviator.<\/p>\n<div class=\"play-now-get-btn\"><a href=\"\/go-casino\/?brand=slot-aviator\" target=\"_blank\" rel=\"noopener\">OBTER B\u00d4NUS<\/a><\/div>\n<style>\n.play-now-get-btn {\n\ttext-align:center;\n\tmargin: 20px 0;\n}\n.play-now-get-btn a {\n\ttext-align: center;\n    display: inline-block;\n    background: #ff3d00;\n    color: #fff !important;\n    text-decoration: none !important;\n    border-radius: 5px;\n    padding: 15px 25px;\n    font-weight: bold;\n}\n.play-now-get-btn a:hover {\n    background: #d93400;\n}\n<\/style>\n<h2>Windows<\/h2>\n<p>De qualquer forma, vale a pena testar sua pr\u00f3pria for\u00e7a e tentar baixar o jogo Aviator. Vale a pena ter coragem de fazer isso direito:<\/p>\n<ol>\n<li aria-level=\"1\">Visite o site do aplicativo.<\/li>\n<li aria-level=\"1\">Clique no link de instala\u00e7\u00e3o.<\/li>\n<li aria-level=\"1\">Determine o caminho da instala\u00e7\u00e3o.<\/li>\n<\/ol>\n<p>Depois de executar as etapas acima, voc\u00ea conseguiu fazer o download do jogo Aviator para o seu dispositivo. Ao jogar, voc\u00ea poder\u00e1 sentir emo\u00e7\u00f5es v\u00edvidas e passar seu tempo livre de forma \u00fatil.<\/p>\n<h2>Mac<\/h2>\n<p>A maneira de instalar esse jogo em seu sistema operacional MAC \u00e9 quase id\u00eantica \u00e0 op\u00e7\u00e3o de instala\u00e7\u00e3o mencionada anteriormente. No in\u00edcio do jogo, vale a pena baixar o aplicativo do jogo Aviator, pois voc\u00ea receber\u00e1 b\u00f4nus exclusivos ou ofertas de jogos para ajud\u00e1-lo a ganhar o m\u00e1ximo poss\u00edvel de dinheiro real para a sua conta.<\/p>\n<p><img loading=\"lazy\" decoding=\"async\" class=\"aligncenter wp-image-32\" src=\"https:\/\/aviator-game-online.net\/wp-content\/uploads\/2023\/04\/aviator-game.png\" alt=\"\" width=\"800\" height=\"433\" srcset=\"https:\/\/aviator-game-online.net\/wp-content\/uploads\/2023\/04\/aviator-game.png 2200w, https:\/\/aviator-game-online.net\/wp-content\/uploads\/2023\/04\/aviator-game-300x162.png 300w, https:\/\/aviator-game-online.net\/wp-content\/uploads\/2023\/04\/aviator-game-1024x554.png 1024w, https:\/\/aviator-game-online.net\/wp-content\/uploads\/2023\/04\/aviator-game-768x415.png 768w, https:\/\/aviator-game-online.net\/wp-content\/uploads\/2023\/04\/aviator-game-1536x831.png 1536w, https:\/\/aviator-game-online.net\/wp-content\/uploads\/2023\/04\/aviator-game-2048x1108.png 2048w\" sizes=\"auto, (max-width: 800px) 100vw, 800px\" \/><\/p>\n<div class=\"play-now-get-btn\"><a href=\"\/go-casino\/?brand=slot-aviator\" target=\"_blank\" rel=\"noopener\">JOGUE AGORA<\/a><\/div>\n<style>\n.play-now-get-btn {\n\ttext-align:center;\n\tmargin: 20px 0;\n}\n.play-now-get-btn a {\n\ttext-align: center;\n    display: inline-block;\n    background: #ff3d00;\n    color: #fff !important;\n    text-decoration: none !important;\n    border-radius: 5px;\n    padding: 15px 25px;\n    font-weight: bold;\n}\n.play-now-get-btn a:hover {\n    background: #d93400;\n}\n<\/style>\n<h2>Vers\u00e3o de demonstra\u00e7\u00e3o<\/h2>\n<p>Para iniciantes, bem como para se familiarizar detalhadamente com as regras do jogo ap\u00f3s sua instala\u00e7\u00e3o. \u00c9 necess\u00e1rio experimentar diferentes t\u00e1ticas rapidamente e com tempo suficiente para se tornar o jogador mais promissor no final. Essa vers\u00e3o do jogo \u00e9 totalmente gratuita e n\u00e3o exige nada em troca.<\/p>\n<p>Ao jogar no modo de acesso, voc\u00ea pode experimentar qualquer estrat\u00e9gia de jogo e escolher a op\u00e7\u00e3o mais lucrativa. Os jogadores tamb\u00e9m podem receber v\u00e1rios b\u00f4nus para obter o m\u00e1ximo de detalhes poss\u00edvel sobre os recursos abrangentes desse jogo.<\/p>\n<p>Tamb\u00e9m vale a pena observar que cada usu\u00e1rio pode fazer o download da previs\u00e3o do jogo Aviator. Isso pode aumentar sua sorte e a oportunidade de ganhar o m\u00e1ximo poss\u00edvel nesse jogo. Em geral, a vers\u00e3o gratuita do jogo permite que o jogador experimente e se familiarize totalmente com o jogo.<\/p>\n","protected":false},"excerpt":{"rendered":"<p>Na verdade, todos est\u00e3o familiarizados com a situa\u00e7\u00e3o de n\u00e3o conseguir encontrar um jogo empolgante<\/p>\n","protected":false},"author":1,"featured_media":0,"parent":0,"menu_order":0,"comment_status":"closed","ping_status":"closed","template":"","meta":{"footnotes":""},"class_list":["post-31","page","type-page","status-publish","hentry"],"yoast_head":"<!-- This site is optimized with the Yoast SEO plugin v26.0 - https:\/\/yoast.com\/wordpress\/plugins\/seo\/ -->\n<title>Download do jogo Aviator - aviator-game-online.net<\/title>\n<meta name=\"description\" content=\"Download do jogo Aviator - Sistemas operacionais suportados - Android - iOS (iPhone) - Windows - Mac - Vers\u00e3o de demonstra\u00e7\u00e3o\" \/>\n<meta name=\"robots\" content=\"index, follow, max-snippet:-1, max-image-preview:large, max-video-preview:-1\" \/>\n<link rel=\"canonical\" href=\"https:\/\/aviator-game-online.net\/pt-br\/download\/\" \/>\n<meta property=\"og:locale\" content=\"pt_BR\" \/>\n<meta property=\"og:type\" content=\"article\" \/>\n<meta property=\"og:title\" content=\"Download do jogo Aviator - aviator-game-online.net\" \/>\n<meta property=\"og:description\" content=\"Download do jogo Aviator - Sistemas operacionais suportados - Android - iOS (iPhone) - Windows - Mac - Vers\u00e3o de demonstra\u00e7\u00e3o\" \/>\n<meta property=\"og:url\" content=\"https:\/\/aviator-game-online.net\/pt-br\/download\/\" \/>\n<meta property=\"og:site_name\" content=\"aviator-game-online.net\" \/>\n<meta property=\"article:modified_time\" content=\"2023-09-01T06:32:09+00:00\" \/>\n<meta property=\"og:image\" content=\"https:\/\/aviator-game-online.net\/wp-content\/uploads\/2023\/04\/aviator-game.jpg\" \/>\n<meta name=\"twitter:card\" content=\"summary_large_image\" \/>\n<meta name=\"twitter:label1\" content=\"Est. tempo de leitura\" \/>\n\t<meta name=\"twitter:data1\" content=\"3 minutos\" \/>\n<script type=\"application\/ld+json\" class=\"yoast-schema-graph\">{\"@context\":\"https:\/\/schema.org\",\"@graph\":[{\"@type\":\"WebPage\",\"@id\":\"https:\/\/aviator-game-online.net\/pt-br\/download\/\",\"url\":\"https:\/\/aviator-game-online.net\/pt-br\/download\/\",\"name\":\"Download do jogo Aviator - aviator-game-online.net\",\"isPartOf\":{\"@id\":\"https:\/\/aviator-game-online.net\/pt-br\/#website\"},\"primaryImageOfPage\":{\"@id\":\"https:\/\/aviator-game-online.net\/pt-br\/download\/#primaryimage\"},\"image\":{\"@id\":\"https:\/\/aviator-game-online.net\/pt-br\/download\/#primaryimage\"},\"thumbnailUrl\":\"https:\/\/aviator-game-online.net\/wp-content\/uploads\/2023\/04\/aviator-game.jpg\",\"datePublished\":\"2023-04-28T06:57:10+00:00\",\"dateModified\":\"2023-09-01T06:32:09+00:00\",\"description\":\"Download do jogo Aviator - Sistemas operacionais suportados - Android - iOS (iPhone) - Windows - Mac - Vers\u00e3o de demonstra\u00e7\u00e3o\",\"breadcrumb\":{\"@id\":\"https:\/\/aviator-game-online.net\/pt-br\/download\/#breadcrumb\"},\"inLanguage\":\"pt-BR\",\"potentialAction\":[{\"@type\":\"ReadAction\",\"target\":[\"https:\/\/aviator-game-online.net\/pt-br\/download\/\"]}]},{\"@type\":\"ImageObject\",\"inLanguage\":\"pt-BR\",\"@id\":\"https:\/\/aviator-game-online.net\/pt-br\/download\/#primaryimage\",\"url\":\"https:\/\/aviator-game-online.net\/wp-content\/uploads\/2023\/04\/aviator-game.jpg\",\"contentUrl\":\"https:\/\/aviator-game-online.net\/wp-content\/uploads\/2023\/04\/aviator-game.jpg\"},{\"@type\":\"BreadcrumbList\",\"@id\":\"https:\/\/aviator-game-online.net\/pt-br\/download\/#breadcrumb\",\"itemListElement\":[{\"@type\":\"ListItem\",\"position\":1,\"name\":\"Home\",\"item\":\"https:\/\/aviator-game-online.net\/pt-br\/\"},{\"@type\":\"ListItem\",\"position\":2,\"name\":\"Download do jogo Aviator\"}]},{\"@type\":\"WebSite\",\"@id\":\"https:\/\/aviator-game-online.net\/pt-br\/#website\",\"url\":\"https:\/\/aviator-game-online.net\/pt-br\/\",\"name\":\"aviator-game-online.net\",\"description\":\"\",\"publisher\":{\"@id\":\"https:\/\/aviator-game-online.net\/pt-br\/#organization\"},\"potentialAction\":[{\"@type\":\"SearchAction\",\"target\":{\"@type\":\"EntryPoint\",\"urlTemplate\":\"https:\/\/aviator-game-online.net\/pt-br\/?s={search_term_string}\"},\"query-input\":{\"@type\":\"PropertyValueSpecification\",\"valueRequired\":true,\"valueName\":\"search_term_string\"}}],\"inLanguage\":\"pt-BR\"},{\"@type\":\"Organization\",\"@id\":\"https:\/\/aviator-game-online.net\/pt-br\/#organization\",\"name\":\"aviator-game-online.net\",\"url\":\"https:\/\/aviator-game-online.net\/pt-br\/\",\"logo\":{\"@type\":\"ImageObject\",\"inLanguage\":\"pt-BR\",\"@id\":\"https:\/\/aviator-game-online.net\/pt-br\/#\/schema\/logo\/image\/\",\"url\":\"https:\/\/aviator-game-online.net\/wp-content\/uploads\/2023\/04\/1-1.png\",\"contentUrl\":\"https:\/\/aviator-game-online.net\/wp-content\/uploads\/2023\/04\/1-1.png\",\"width\":220,\"height\":80,\"caption\":\"aviator-game-online.net\"},\"image\":{\"@id\":\"https:\/\/aviator-game-online.net\/pt-br\/#\/schema\/logo\/image\/\"}}]}<\/script>\n<!-- \/ Yoast SEO plugin. -->","yoast_head_json":{"title":"Download do jogo Aviator - aviator-game-online.net","description":"Download do jogo Aviator - Sistemas operacionais suportados - Android - iOS (iPhone) - Windows - Mac - Vers\u00e3o de demonstra\u00e7\u00e3o","robots":{"index":"index","follow":"follow","max-snippet":"max-snippet:-1","max-image-preview":"max-image-preview:large","max-video-preview":"max-video-preview:-1"},"canonical":"https:\/\/aviator-game-online.net\/pt-br\/download\/","og_locale":"pt_BR","og_type":"article","og_title":"Download do jogo Aviator - aviator-game-online.net","og_description":"Download do jogo Aviator - Sistemas operacionais suportados - Android - iOS (iPhone) - Windows - Mac - Vers\u00e3o de demonstra\u00e7\u00e3o","og_url":"https:\/\/aviator-game-online.net\/pt-br\/download\/","og_site_name":"aviator-game-online.net","article_modified_time":"2023-09-01T06:32:09+00:00","og_image":[{"url":"https:\/\/aviator-game-online.net\/wp-content\/uploads\/2023\/04\/aviator-game.jpg","type":"","width":"","height":""}],"twitter_card":"summary_large_image","twitter_misc":{"Est. tempo de leitura":"3 minutos"},"schema":{"@context":"https:\/\/schema.org","@graph":[{"@type":"WebPage","@id":"https:\/\/aviator-game-online.net\/pt-br\/download\/","url":"https:\/\/aviator-game-online.net\/pt-br\/download\/","name":"Download do jogo Aviator - aviator-game-online.net","isPartOf":{"@id":"https:\/\/aviator-game-online.net\/pt-br\/#website"},"primaryImageOfPage":{"@id":"https:\/\/aviator-game-online.net\/pt-br\/download\/#primaryimage"},"image":{"@id":"https:\/\/aviator-game-online.net\/pt-br\/download\/#primaryimage"},"thumbnailUrl":"https:\/\/aviator-game-online.net\/wp-content\/uploads\/2023\/04\/aviator-game.jpg","datePublished":"2023-04-28T06:57:10+00:00","dateModified":"2023-09-01T06:32:09+00:00","description":"Download do jogo Aviator - Sistemas operacionais suportados - Android - iOS (iPhone) - Windows - Mac - Vers\u00e3o de demonstra\u00e7\u00e3o","breadcrumb":{"@id":"https:\/\/aviator-game-online.net\/pt-br\/download\/#breadcrumb"},"inLanguage":"pt-BR","potentialAction":[{"@type":"ReadAction","target":["https:\/\/aviator-game-online.net\/pt-br\/download\/"]}]},{"@type":"ImageObject","inLanguage":"pt-BR","@id":"https:\/\/aviator-game-online.net\/pt-br\/download\/#primaryimage","url":"https:\/\/aviator-game-online.net\/wp-content\/uploads\/2023\/04\/aviator-game.jpg","contentUrl":"https:\/\/aviator-game-online.net\/wp-content\/uploads\/2023\/04\/aviator-game.jpg"},{"@type":"BreadcrumbList","@id":"https:\/\/aviator-game-online.net\/pt-br\/download\/#breadcrumb","itemListElement":[{"@type":"ListItem","position":1,"name":"Home","item":"https:\/\/aviator-game-online.net\/pt-br\/"},{"@type":"ListItem","position":2,"name":"Download do jogo Aviator"}]},{"@type":"WebSite","@id":"https:\/\/aviator-game-online.net\/pt-br\/#website","url":"https:\/\/aviator-game-online.net\/pt-br\/","name":"aviator-game-online.net","description":"","publisher":{"@id":"https:\/\/aviator-game-online.net\/pt-br\/#organization"},"potentialAction":[{"@type":"SearchAction","target":{"@type":"EntryPoint","urlTemplate":"https:\/\/aviator-game-online.net\/pt-br\/?s={search_term_string}"},"query-input":{"@type":"PropertyValueSpecification","valueRequired":true,"valueName":"search_term_string"}}],"inLanguage":"pt-BR"},{"@type":"Organization","@id":"https:\/\/aviator-game-online.net\/pt-br\/#organization","name":"aviator-game-online.net","url":"https:\/\/aviator-game-online.net\/pt-br\/","logo":{"@type":"ImageObject","inLanguage":"pt-BR","@id":"https:\/\/aviator-game-online.net\/pt-br\/#\/schema\/logo\/image\/","url":"https:\/\/aviator-game-online.net\/wp-content\/uploads\/2023\/04\/1-1.png","contentUrl":"https:\/\/aviator-game-online.net\/wp-content\/uploads\/2023\/04\/1-1.png","width":220,"height":80,"caption":"aviator-game-online.net"},"image":{"@id":"https:\/\/aviator-game-online.net\/pt-br\/#\/schema\/logo\/image\/"}}]}},"_links":{"self":[{"href":"https:\/\/aviator-game-online.net\/pt-br\/wp-json\/wp\/v2\/pages\/31","targetHints":{"allow":["GET"]}}],"collection":[{"href":"https:\/\/aviator-game-online.net\/pt-br\/wp-json\/wp\/v2\/pages"}],"about":[{"href":"https:\/\/aviator-game-online.net\/pt-br\/wp-json\/wp\/v2\/types\/page"}],"author":[{"embeddable":true,"href":"https:\/\/aviator-game-online.net\/pt-br\/wp-json\/wp\/v2\/users\/1"}],"replies":[{"embeddable":true,"href":"https:\/\/aviator-game-online.net\/pt-br\/wp-json\/wp\/v2\/comments?post=31"}],"version-history":[{"count":7,"href":"https:\/\/aviator-game-online.net\/pt-br\/wp-json\/wp\/v2\/pages\/31\/revisions"}],"predecessor-version":[{"id":116,"href":"https:\/\/aviator-game-online.net\/pt-br\/wp-json\/wp\/v2\/pages\/31\/revisions\/116"}],"wp:attachment":[{"href":"https:\/\/aviator-game-online.net\/pt-br\/wp-json\/wp\/v2\/media?parent=31"}],"curies":[{"name":"wp","href":"https:\/\/api.w.org\/{rel}","templated":true}]}}