{"id":38,"date":"2023-04-28T07:01:07","date_gmt":"2023-04-28T07:01:07","guid":{"rendered":"https:\/\/aviator-game-online.net\/?page_id=38"},"modified":"2023-09-01T06:37:37","modified_gmt":"2023-09-01T06:37:37","slug":"how-to-win","status":"publish","type":"page","link":"https:\/\/aviator-game-online.net\/pt-br\/how-to-win\/","title":{"rendered":"Como ganhar o jogo Aviator"},"content":{"rendered":"<p>Se voc\u00ea gosta de jogos de azar incomuns com grandes pr\u00eamios e gr\u00e1ficos de alta qualidade, deve prestar aten\u00e7\u00e3o ao Aviator Crash Game. Nesse jogo, voc\u00ea ter\u00e1 de controlar o avi\u00e3o a tempo de fazer um pouso. \u00c9 melhor tentar algumas op\u00e7\u00f5es de t\u00e1ticas que certamente funcionar\u00e3o e o ajudar\u00e3o a melhorar gradualmente seus valores.<\/p>\n<div class=\"play-now-get-btn\"><a href=\"\/go-casino\/?brand=slot-aviator\" target=\"_blank\" rel=\"noopener\">JOGUE AGORA<\/a><\/div>\n<style>\n.play-now-get-btn {\n  text-align:center;\n  margin: 20px 0;\n}\n.play-now-get-btn a {\n  text-align: center;\n    display: inline-block;\n    background: #ff3d00;\n    color: #fff !important;\n    text-decoration: none !important;\n    border-radius: 5px;\n    padding: 15px 25px;\n    font-weight: bold;\n}\n.play-now-get-btn a:hover {\n    background: #d93400;\n}\n<\/style>\n<h2>Estrat\u00e9gia e t\u00e1tica do jogo Aviator<\/h2>\n<p>H\u00e1 v\u00e1rias op\u00e7\u00f5es de jogo das quais depender\u00e1 seu resultado financeiro. Os sistemas de apostas do Aviator s\u00e3o organizados de forma que o usu\u00e1rio obtenha bons pagamentos tanto em apostas baixas quanto em apostas m\u00e1ximas. Aqui est\u00e3o os recursos desse jogo:<\/p>\n<ol>\n<li aria-level=\"1\">O lucro est\u00e1 diretamente relacionado \u00e0 altitude em que o avi\u00e3o se encontra. O multiplicador de apostas, nesse caso, est\u00e1 aumentando constantemente. Se voc\u00ea fizer sua jogada a tempo, poder\u00e1 obter excelentes ganhos.<\/li>\n<li aria-level=\"1\">Use a melhor estrat\u00e9gia do Aviator Game. Continuando a an\u00e1lise, falaremos sobre as op\u00e7\u00f5es mais populares. Voc\u00ea pode experimentar diferentes esquemas e escolher o mais lucrativo para voc\u00ea.<\/li>\n<li aria-level=\"1\">Voc\u00ea precisa ser capaz de parar a tempo. Se o avi\u00e3o come\u00e7ar a descer, voc\u00ea perder\u00e1 a aposta.<\/li>\n<\/ol>\n<p>Como mostra a pr\u00e1tica, voc\u00ea n\u00e3o deve ceder \u00e0 tenta\u00e7\u00e3o e aumentar constantemente a aposta. Caso contr\u00e1rio, voc\u00ea pode perder muito dinheiro.<\/p>\n<h3>Uma estrat\u00e9gia com risco m\u00ednimo<\/h3>\n<p>Se voc\u00ea n\u00e3o quiser correr muitos riscos e contar com pequenos ganhos, \u00e9 melhor usar essa estrat\u00e9gia. A variedade de sistemas de apostas Aviator permite que voc\u00ea fa\u00e7a apostas baixas em diferentes dire\u00e7\u00f5es de voo. Recomenda-se que voc\u00ea escolha um deles e se atenha a ele por alguns jogos.<\/p>\n<p><img loading=\"lazy\" decoding=\"async\" class=\"aligncenter wp-image-39\" src=\"https:\/\/aviator-game-online.net\/wp-content\/uploads\/2023\/04\/avia.png\" alt=\"\" width=\"800\" height=\"385\" srcset=\"https:\/\/aviator-game-online.net\/wp-content\/uploads\/2023\/04\/avia.png 1279w, https:\/\/aviator-game-online.net\/wp-content\/uploads\/2023\/04\/avia-300x144.png 300w, https:\/\/aviator-game-online.net\/wp-content\/uploads\/2023\/04\/avia-1024x493.png 1024w, https:\/\/aviator-game-online.net\/wp-content\/uploads\/2023\/04\/avia-768x370.png 768w\" sizes=\"auto, (max-width: 800px) 100vw, 800px\" \/><\/p>\n<p>Por exemplo, voc\u00ea ter\u00e1 lucro se apostar constantemente no &#8220;Oeste&#8221; ap\u00f3s um determinado n\u00famero de jogos. Prova disso \u00e9 o valor do RTP acima de 97%.<\/p>\n<h3>Uma estrat\u00e9gia de risco moderado<\/h3>\n<p>Se voc\u00ea gosta de um ritmo de jogo moderado, com bons pagamentos e um n\u00edvel aceit\u00e1vel de risco, ent\u00e3o essa estrat\u00e9gia do Aviator \u00e9 para voc\u00ea. Voc\u00ea pode apostar em diferentes dire\u00e7\u00f5es de voo enquanto aumenta sua aposta se tiver tido sorte na rodada anterior.<\/p>\n<p>Muitos apostadores acreditam que essa op\u00e7\u00e3o \u00e9 \u00f3tima porque voc\u00ea pode lucrar bem e n\u00e3o arriscar muito do seu dinheiro.<\/p>\n<h3>Uma estrat\u00e9gia de alto risco<\/h3>\n<p>Os usu\u00e1rios de plataformas de entretenimento podem contar com grandes recompensas em dinheiro usando essa estrat\u00e9gia do Aviator do Jogo. O resultado final \u00e9 o seguinte:<\/p>\n<ul>\n<li aria-level=\"1\">escolha uma ou no m\u00e1ximo duas dire\u00e7\u00f5es nas quais voc\u00ea apostar\u00e1 constantemente;<\/li>\n<li aria-level=\"1\">fazer uma aposta m\u00e9dia;<\/li>\n<li aria-level=\"1\">independentemente do resultado do jogo anterior, voc\u00ea deve aumentar sua aposta sem mudar a dire\u00e7\u00e3o.<\/li>\n<\/ul>\n<p>Ao escolher esses sistemas de apostas Aviator, voc\u00ea se arrisca mais do que com outras estrat\u00e9gias. \u00c9 poss\u00edvel perder rapidamente e muito dinheiro. Mas os apostadores tiram o m\u00e1ximo proveito dessa op\u00e7\u00e3o. Porque, se voc\u00ea tiver sorte, poder\u00e1 obter uma recompensa tang\u00edvel.<\/p>\n<div class=\"play-now-get-btn\"><a href=\"\/go-casino\/?brand=slot-aviator\" target=\"_blank\" rel=\"noopener\">OBTER B\u00d4NUS<\/a><\/div>\n<style>\n.play-now-get-btn {\n  text-align:center;\n  margin: 20px 0;\n}\n.play-now-get-btn a {\n  text-align: center;\n    display: inline-block;\n    background: #ff3d00;\n    color: #fff !important;\n    text-decoration: none !important;\n    border-radius: 5px;\n    padding: 15px 25px;\n    font-weight: bold;\n}\n.play-now-get-btn a:hover {\n    background: #d93400;\n}\n<\/style>\n<h3>Dois lances simult\u00e2neos<\/h3>\n<p>Para diversificar a jogabilidade, voc\u00ea pode apostar simultaneamente em v\u00e1rias dire\u00e7\u00f5es. Essa op\u00e7\u00e3o \u00e9 mais empolgante e pode aumentar a probabilidade de vit\u00f3ria. Experimente diferentes formatos de entretenimento, para que voc\u00ea possa experimentar diferentes varia\u00e7\u00f5es do jogo no final.<\/p>\n<p>Os sistemas de apostas n\u00e3o triviais do Aviator tornam esse jogo muito popular entre os apostadores de todo o mundo. Mas n\u00e3o se esque\u00e7a da teoria da probabilidade e da volatilidade m\u00e9dia da m\u00e1quina ca\u00e7a-n\u00edqueis. \u00c9 imposs\u00edvel prever o resultado, e os pr\u00eamios caem aleatoriamente.<\/p>\n<h2>Os melhores sistemas de apostas para ganhar o Aviator Jogo<\/h2>\n<p>Nenhuma t\u00e1tica lhe garante 100% de vit\u00f3ria. Seria \u00fatil se voc\u00ea tentasse diferentes op\u00e7\u00f5es para diversificar o jogo e aumentar suas chances. Para escolher a melhor estrat\u00e9gia do Aviator Game, voc\u00ea tamb\u00e9m pode usar os seguintes esquemas:<\/p>\n<ul>\n<li aria-level=\"1\">taxa fixa. Independentemente do resultado, o jogador deposita constantemente a mesma quantia. Nesse caso, voc\u00ea pode escolher diferentes dire\u00e7\u00f5es para o voo;<\/li>\n<li aria-level=\"1\">esquema de martingale. A ess\u00eancia \u00e9 que, a cada perda, a aposta \u00e9 dobrada. \u00c9 melhor come\u00e7ar com o n\u00edvel m\u00ednimo, que \u00e9 oferecido pelos sistemas de apostas Aviator;<\/li>\n<li aria-level=\"1\">o esquema Dalamber. \u00c9 necess\u00e1rio diminuir a aposta em uma posi\u00e7\u00e3o depois de ganhar e apostar mais depois de perder.<\/li>\n<\/ul>\n<p>Lembre-se de que esse \u00e9 apenas um jogo de azar, que lhe trar\u00e1 muito prazer e emo\u00e7\u00e3o e permitir\u00e1 que voc\u00ea ganhe dinheiro de verdade.<\/p>\n<p><img loading=\"lazy\" decoding=\"async\" class=\"aligncenter wp-image-41\" src=\"https:\/\/aviator-game-online.net\/wp-content\/uploads\/2023\/04\/aviator-hollywoodbets-huge-win-best-sports-betting.jpg\" alt=\"\" width=\"800\" height=\"490\" srcset=\"https:\/\/aviator-game-online.net\/wp-content\/uploads\/2023\/04\/aviator-hollywoodbets-huge-win-best-sports-betting.jpg 816w, https:\/\/aviator-game-online.net\/wp-content\/uploads\/2023\/04\/aviator-hollywoodbets-huge-win-best-sports-betting-300x184.jpg 300w, https:\/\/aviator-game-online.net\/wp-content\/uploads\/2023\/04\/aviator-hollywoodbets-huge-win-best-sports-betting-768x471.jpg 768w\" sizes=\"auto, (max-width: 800px) 100vw, 800px\" \/><\/p>\n<div class=\"play-now-get-btn\"><a href=\"\/go-casino\/?brand=slot-aviator\" target=\"_blank\" rel=\"noopener\">JOGUE AGORA<\/a><\/div>\n<style>\n.play-now-get-btn {\n  text-align:center;\n  margin: 20px 0;\n}\n.play-now-get-btn a {\n  text-align: center;\n    display: inline-block;\n    background: #ff3d00;\n    color: #fff !important;\n    text-decoration: none !important;\n    border-radius: 5px;\n    padding: 15px 25px;\n    font-weight: bold;\n}\n.play-now-get-btn a:hover {\n    background: #d93400;\n}\n<\/style>\n<h2>Conclus\u00e3o<\/h2>\n<p>Se quiser se divertir e lucrar, experimente esse jogo em seu cassino on-line favorito. Voc\u00ea gostar\u00e1 dos sistemas de apostas do Aviator. \u00c9 improv\u00e1vel que voc\u00ea encontre uma interface como essa em outros jogos. Ela garante um processo fascinante com uma alta probabilidade de vit\u00f3ria. Tudo depende de sua banca e da capacidade de parar a tempo.<\/p>\n<p>Al\u00e9m disso, esse jogo multijogador permite que voc\u00ea avalie ap\u00f3s cada rodada. Voc\u00ea pode acompanhar os resultados de outros jogadores em tempo real. Essa \u00e9 uma confirma\u00e7\u00e3o essencial da imparcialidade do jogo.<\/p>\n<h2>Perguntas frequentes Estrat\u00e9gias do Aviador<\/h2>\n<p>Sugerimos que voc\u00ea leia as respostas \u00e0s perguntas mais frequentes sobre esse jogo de azar. Para obter mais informa\u00e7\u00f5es, entre em contato com o servi\u00e7o de assist\u00eancia t\u00e9cnica dessa institui\u00e7\u00e3o de entretenimento.<\/p>\n<h3>Qual \u00e9 o melhor sistema de apostas para o Aviator?<\/h3>\n<p>Todos t\u00eam suas prefer\u00eancias pessoais. Alguns gostam de apostar alto em uma dire\u00e7\u00e3o. Outros jogadores apostam em dois eventos simultaneamente para aumentar suas chances de ganhar. N\u00e3o existe um padr\u00e3o \u00fanico de vit\u00f3ria.<\/p>\n<h3>\u00c9 poss\u00edvel ganhar no Aviator?<\/h3>\n<p>Sim. Esse jogo tem uma taxa de retorno muito alta, superior a 97%. Isso permite que voc\u00ea ganhe grandes somas de dinheiro a longo prazo.<\/p>\n<h3>Quais s\u00e3o algumas estrat\u00e9gias eficazes para os aviadores?<\/h3>\n<p>Voc\u00ea pode tentar estrat\u00e9gias diferentes. Por exemplo, uma aposta fixa economizar\u00e1 sua banca e garantir\u00e1 um jogo equilibrado. E aqueles que gostam de correr riscos se encaixam na estrat\u00e9gia de Martingale, na qual a aposta aumenta constantemente pela metade.<\/p>\n<h3>Como posso aumentar minhas chances de ganhar no Aviator?<\/h3>\n<p>O ponto mais importante \u00e9 a aus\u00eancia de emo\u00e7\u00e3o e taxas razo\u00e1veis. No in\u00edcio, recomenda-se apostar pequenas quantias em uma dire\u00e7\u00e3o. E n\u00e3o se esque\u00e7a de que os resultados do jogo s\u00e3o aleat\u00f3rios e n\u00e3o podem ser previstos.<\/p>\n","protected":false},"excerpt":{"rendered":"<p>Se voc\u00ea gosta de jogos de azar incomuns com grandes pr\u00eamios e gr\u00e1ficos de alta<\/p>\n","protected":false},"author":1,"featured_media":0,"parent":0,"menu_order":0,"comment_status":"closed","ping_status":"closed","template":"","meta":{"footnotes":""},"class_list":["post-38","page","type-page","status-publish","hentry"],"yoast_head":"<!-- This site is optimized with the Yoast SEO plugin v26.0 - https:\/\/yoast.com\/wordpress\/plugins\/seo\/ -->\n<title>Como ganhar o jogo Aviator - aviator-game-online.net<\/title>\n<meta name=\"description\" content=\"Dicas para ganhar no jogo de cassino The Aviator - Estude os outros concorrentes - Observe as apostas e as estat\u00edsticas ao vivo - Fa\u00e7a duas apostas - Use a fun\u00e7\u00e3o autom\u00e1tica - Fa\u00e7a o saque rapidamente.\" \/>\n<meta name=\"robots\" content=\"index, follow, max-snippet:-1, max-image-preview:large, max-video-preview:-1\" \/>\n<link rel=\"canonical\" href=\"https:\/\/aviator-game-online.net\/pt-br\/how-to-win\/\" \/>\n<meta property=\"og:locale\" content=\"pt_BR\" \/>\n<meta property=\"og:type\" content=\"article\" \/>\n<meta property=\"og:title\" content=\"Como ganhar o jogo Aviator - aviator-game-online.net\" \/>\n<meta property=\"og:description\" content=\"Dicas para ganhar no jogo de cassino The Aviator - Estude os outros concorrentes - Observe as apostas e as estat\u00edsticas ao vivo - Fa\u00e7a duas apostas - Use a fun\u00e7\u00e3o autom\u00e1tica - Fa\u00e7a o saque rapidamente.\" \/>\n<meta property=\"og:url\" content=\"https:\/\/aviator-game-online.net\/pt-br\/how-to-win\/\" \/>\n<meta property=\"og:site_name\" content=\"aviator-game-online.net\" \/>\n<meta property=\"article:modified_time\" content=\"2023-09-01T06:37:37+00:00\" \/>\n<meta property=\"og:image\" content=\"https:\/\/aviator-game-online.net\/wp-content\/uploads\/2023\/04\/avia.png\" \/>\n<meta name=\"twitter:card\" content=\"summary_large_image\" \/>\n<meta name=\"twitter:label1\" content=\"Est. tempo de leitura\" \/>\n\t<meta name=\"twitter:data1\" content=\"5 minutos\" \/>\n<script type=\"application\/ld+json\" class=\"yoast-schema-graph\">{\"@context\":\"https:\/\/schema.org\",\"@graph\":[{\"@type\":\"WebPage\",\"@id\":\"https:\/\/aviator-game-online.net\/pt-br\/how-to-win\/\",\"url\":\"https:\/\/aviator-game-online.net\/pt-br\/how-to-win\/\",\"name\":\"Como ganhar o jogo Aviator - aviator-game-online.net\",\"isPartOf\":{\"@id\":\"https:\/\/aviator-game-online.net\/pt-br\/#website\"},\"primaryImageOfPage\":{\"@id\":\"https:\/\/aviator-game-online.net\/pt-br\/how-to-win\/#primaryimage\"},\"image\":{\"@id\":\"https:\/\/aviator-game-online.net\/pt-br\/how-to-win\/#primaryimage\"},\"thumbnailUrl\":\"https:\/\/aviator-game-online.net\/wp-content\/uploads\/2023\/04\/avia.png\",\"datePublished\":\"2023-04-28T07:01:07+00:00\",\"dateModified\":\"2023-09-01T06:37:37+00:00\",\"description\":\"Dicas para ganhar no jogo de cassino The Aviator - Estude os outros concorrentes - Observe as apostas e as estat\u00edsticas ao vivo - Fa\u00e7a duas apostas - Use a fun\u00e7\u00e3o autom\u00e1tica - Fa\u00e7a o saque rapidamente.\",\"breadcrumb\":{\"@id\":\"https:\/\/aviator-game-online.net\/pt-br\/how-to-win\/#breadcrumb\"},\"inLanguage\":\"pt-BR\",\"potentialAction\":[{\"@type\":\"ReadAction\",\"target\":[\"https:\/\/aviator-game-online.net\/pt-br\/how-to-win\/\"]}]},{\"@type\":\"ImageObject\",\"inLanguage\":\"pt-BR\",\"@id\":\"https:\/\/aviator-game-online.net\/pt-br\/how-to-win\/#primaryimage\",\"url\":\"https:\/\/aviator-game-online.net\/wp-content\/uploads\/2023\/04\/avia.png\",\"contentUrl\":\"https:\/\/aviator-game-online.net\/wp-content\/uploads\/2023\/04\/avia.png\"},{\"@type\":\"BreadcrumbList\",\"@id\":\"https:\/\/aviator-game-online.net\/pt-br\/how-to-win\/#breadcrumb\",\"itemListElement\":[{\"@type\":\"ListItem\",\"position\":1,\"name\":\"Home\",\"item\":\"https:\/\/aviator-game-online.net\/pt-br\/\"},{\"@type\":\"ListItem\",\"position\":2,\"name\":\"Como ganhar o jogo Aviator\"}]},{\"@type\":\"WebSite\",\"@id\":\"https:\/\/aviator-game-online.net\/pt-br\/#website\",\"url\":\"https:\/\/aviator-game-online.net\/pt-br\/\",\"name\":\"aviator-game-online.net\",\"description\":\"\",\"publisher\":{\"@id\":\"https:\/\/aviator-game-online.net\/pt-br\/#organization\"},\"potentialAction\":[{\"@type\":\"SearchAction\",\"target\":{\"@type\":\"EntryPoint\",\"urlTemplate\":\"https:\/\/aviator-game-online.net\/pt-br\/?s={search_term_string}\"},\"query-input\":{\"@type\":\"PropertyValueSpecification\",\"valueRequired\":true,\"valueName\":\"search_term_string\"}}],\"inLanguage\":\"pt-BR\"},{\"@type\":\"Organization\",\"@id\":\"https:\/\/aviator-game-online.net\/pt-br\/#organization\",\"name\":\"aviator-game-online.net\",\"url\":\"https:\/\/aviator-game-online.net\/pt-br\/\",\"logo\":{\"@type\":\"ImageObject\",\"inLanguage\":\"pt-BR\",\"@id\":\"https:\/\/aviator-game-online.net\/pt-br\/#\/schema\/logo\/image\/\",\"url\":\"https:\/\/aviator-game-online.net\/wp-content\/uploads\/2023\/04\/1-1.png\",\"contentUrl\":\"https:\/\/aviator-game-online.net\/wp-content\/uploads\/2023\/04\/1-1.png\",\"width\":220,\"height\":80,\"caption\":\"aviator-game-online.net\"},\"image\":{\"@id\":\"https:\/\/aviator-game-online.net\/pt-br\/#\/schema\/logo\/image\/\"}}]}<\/script>\n<!-- \/ Yoast SEO plugin. -->","yoast_head_json":{"title":"Como ganhar o jogo Aviator - aviator-game-online.net","description":"Dicas para ganhar no jogo de cassino The Aviator - Estude os outros concorrentes - Observe as apostas e as estat\u00edsticas ao vivo - Fa\u00e7a duas apostas - Use a fun\u00e7\u00e3o autom\u00e1tica - Fa\u00e7a o saque rapidamente.","robots":{"index":"index","follow":"follow","max-snippet":"max-snippet:-1","max-image-preview":"max-image-preview:large","max-video-preview":"max-video-preview:-1"},"canonical":"https:\/\/aviator-game-online.net\/pt-br\/how-to-win\/","og_locale":"pt_BR","og_type":"article","og_title":"Como ganhar o jogo Aviator - aviator-game-online.net","og_description":"Dicas para ganhar no jogo de cassino The Aviator - Estude os outros concorrentes - Observe as apostas e as estat\u00edsticas ao vivo - Fa\u00e7a duas apostas - Use a fun\u00e7\u00e3o autom\u00e1tica - Fa\u00e7a o saque rapidamente.","og_url":"https:\/\/aviator-game-online.net\/pt-br\/how-to-win\/","og_site_name":"aviator-game-online.net","article_modified_time":"2023-09-01T06:37:37+00:00","og_image":[{"url":"https:\/\/aviator-game-online.net\/wp-content\/uploads\/2023\/04\/avia.png","type":"","width":"","height":""}],"twitter_card":"summary_large_image","twitter_misc":{"Est. tempo de leitura":"5 minutos"},"schema":{"@context":"https:\/\/schema.org","@graph":[{"@type":"WebPage","@id":"https:\/\/aviator-game-online.net\/pt-br\/how-to-win\/","url":"https:\/\/aviator-game-online.net\/pt-br\/how-to-win\/","name":"Como ganhar o jogo Aviator - aviator-game-online.net","isPartOf":{"@id":"https:\/\/aviator-game-online.net\/pt-br\/#website"},"primaryImageOfPage":{"@id":"https:\/\/aviator-game-online.net\/pt-br\/how-to-win\/#primaryimage"},"image":{"@id":"https:\/\/aviator-game-online.net\/pt-br\/how-to-win\/#primaryimage"},"thumbnailUrl":"https:\/\/aviator-game-online.net\/wp-content\/uploads\/2023\/04\/avia.png","datePublished":"2023-04-28T07:01:07+00:00","dateModified":"2023-09-01T06:37:37+00:00","description":"Dicas para ganhar no jogo de cassino The Aviator - Estude os outros concorrentes - Observe as apostas e as estat\u00edsticas ao vivo - Fa\u00e7a duas apostas - Use a fun\u00e7\u00e3o autom\u00e1tica - Fa\u00e7a o saque rapidamente.","breadcrumb":{"@id":"https:\/\/aviator-game-online.net\/pt-br\/how-to-win\/#breadcrumb"},"inLanguage":"pt-BR","potentialAction":[{"@type":"ReadAction","target":["https:\/\/aviator-game-online.net\/pt-br\/how-to-win\/"]}]},{"@type":"ImageObject","inLanguage":"pt-BR","@id":"https:\/\/aviator-game-online.net\/pt-br\/how-to-win\/#primaryimage","url":"https:\/\/aviator-game-online.net\/wp-content\/uploads\/2023\/04\/avia.png","contentUrl":"https:\/\/aviator-game-online.net\/wp-content\/uploads\/2023\/04\/avia.png"},{"@type":"BreadcrumbList","@id":"https:\/\/aviator-game-online.net\/pt-br\/how-to-win\/#breadcrumb","itemListElement":[{"@type":"ListItem","position":1,"name":"Home","item":"https:\/\/aviator-game-online.net\/pt-br\/"},{"@type":"ListItem","position":2,"name":"Como ganhar o jogo Aviator"}]},{"@type":"WebSite","@id":"https:\/\/aviator-game-online.net\/pt-br\/#website","url":"https:\/\/aviator-game-online.net\/pt-br\/","name":"aviator-game-online.net","description":"","publisher":{"@id":"https:\/\/aviator-game-online.net\/pt-br\/#organization"},"potentialAction":[{"@type":"SearchAction","target":{"@type":"EntryPoint","urlTemplate":"https:\/\/aviator-game-online.net\/pt-br\/?s={search_term_string}"},"query-input":{"@type":"PropertyValueSpecification","valueRequired":true,"valueName":"search_term_string"}}],"inLanguage":"pt-BR"},{"@type":"Organization","@id":"https:\/\/aviator-game-online.net\/pt-br\/#organization","name":"aviator-game-online.net","url":"https:\/\/aviator-game-online.net\/pt-br\/","logo":{"@type":"ImageObject","inLanguage":"pt-BR","@id":"https:\/\/aviator-game-online.net\/pt-br\/#\/schema\/logo\/image\/","url":"https:\/\/aviator-game-online.net\/wp-content\/uploads\/2023\/04\/1-1.png","contentUrl":"https:\/\/aviator-game-online.net\/wp-content\/uploads\/2023\/04\/1-1.png","width":220,"height":80,"caption":"aviator-game-online.net"},"image":{"@id":"https:\/\/aviator-game-online.net\/pt-br\/#\/schema\/logo\/image\/"}}]}},"_links":{"self":[{"href":"https:\/\/aviator-game-online.net\/pt-br\/wp-json\/wp\/v2\/pages\/38","targetHints":{"allow":["GET"]}}],"collection":[{"href":"https:\/\/aviator-game-online.net\/pt-br\/wp-json\/wp\/v2\/pages"}],"about":[{"href":"https:\/\/aviator-game-online.net\/pt-br\/wp-json\/wp\/v2\/types\/page"}],"author":[{"embeddable":true,"href":"https:\/\/aviator-game-online.net\/pt-br\/wp-json\/wp\/v2\/users\/1"}],"replies":[{"embeddable":true,"href":"https:\/\/aviator-game-online.net\/pt-br\/wp-json\/wp\/v2\/comments?post=38"}],"version-history":[{"count":7,"href":"https:\/\/aviator-game-online.net\/pt-br\/wp-json\/wp\/v2\/pages\/38\/revisions"}],"predecessor-version":[{"id":119,"href":"https:\/\/aviator-game-online.net\/pt-br\/wp-json\/wp\/v2\/pages\/38\/revisions\/119"}],"wp:attachment":[{"href":"https:\/\/aviator-game-online.net\/pt-br\/wp-json\/wp\/v2\/media?parent=38"}],"curies":[{"name":"wp","href":"https:\/\/api.w.org\/{rel}","templated":true}]}}