{"id":43,"date":"2023-04-28T07:05:35","date_gmt":"2023-04-28T07:05:35","guid":{"rendered":"https:\/\/aviator-game-online.net\/?page_id=43"},"modified":"2023-09-01T06:39:07","modified_gmt":"2023-09-01T06:39:07","slug":"predictor","status":"publish","type":"page","link":"https:\/\/aviator-game-online.net\/pt-br\/predictor\/","title":{"rendered":"Predictor Aviator &#8211; O que \u00e9 isso?"},"content":{"rendered":"<p>Certamente, todo jogador n\u00e3o se importaria em conhecer e jogar uma \u00f3tima op\u00e7\u00e3o de jogo. Voc\u00ea tem sorte, pois pode se familiarizar rapidamente com uma grande variedade desses jogos. Uma dessas op\u00e7\u00f5es \u00e9 o jogo Predictor Aviator. Ele cont\u00e9m as melhores e mais lucrativas condi\u00e7\u00f5es de divers\u00e3o para passar seu tempo e uma excelente maneira de ganhar dinheiro.<\/p>\n<div class=\"play-now-get-btn\"><a href=\"\/go-casino\/?brand=slot-aviator\" target=\"_blank\" rel=\"noopener\">OBTER B\u00d4NUS<\/a><\/div>\n<style>\n.play-now-get-btn {\n  text-align:center;\n  margin: 20px 0;\n}\n.play-now-get-btn a {\n  text-align: center;\n    display: inline-block;\n    background: #ff3d00;\n    color: #fff !important;\n    text-decoration: none !important;\n    border-radius: 5px;\n    padding: 15px 25px;\n    font-weight: bold;\n}\n.play-now-get-btn a:hover {\n    background: #d93400;\n}\n<\/style>\n<h2>Avalia\u00e7\u00e3o do Predictor Aviator<\/h2>\n<p><img loading=\"lazy\" decoding=\"async\" class=\"aligncenter wp-image-44\" src=\"https:\/\/aviator-game-online.net\/wp-content\/uploads\/2023\/04\/predictor-aviator.jpg\" alt=\"\" width=\"800\" height=\"800\" srcset=\"https:\/\/aviator-game-online.net\/wp-content\/uploads\/2023\/04\/predictor-aviator.jpg 827w, https:\/\/aviator-game-online.net\/wp-content\/uploads\/2023\/04\/predictor-aviator-300x300.jpg 300w, https:\/\/aviator-game-online.net\/wp-content\/uploads\/2023\/04\/predictor-aviator-150x150.jpg 150w, https:\/\/aviator-game-online.net\/wp-content\/uploads\/2023\/04\/predictor-aviator-768x768.jpg 768w\" sizes=\"auto, (max-width: 800px) 100vw, 800px\" \/><\/p>\n<p>Para jogar o Predictor Aviator, o jogador s\u00f3 precisa ler e instalar as regras em qualquer dispositivo de jogo. Voc\u00ea pode prestar aten\u00e7\u00e3o ao fato de que o Predictor Aviator cont\u00e9m o seguinte:<\/p>\n<ul>\n<li aria-level=\"1\">alta qualidade;<\/li>\n<li aria-level=\"1\">excelente automa\u00e7\u00e3o;<\/li>\n<li aria-level=\"1\">uma alta porcentagem de RTP.<\/li>\n<\/ul>\n<p>Tudo isso e muito mais voc\u00ea pode encontrar rapidamente jogando esse jogo. Al\u00e9m disso, o suporte do jogo em qualquer dispositivo de jogo s\u00f3 aumenta o interesse nele.<\/p>\n<h2>Como instalar<\/h2>\n<p>Para instalar o Aviator Predictor em qualquer dispositivo conveniente para o jogador, ele s\u00f3 precisa:<\/p>\n<ol>\n<li aria-level=\"1\">Visite o site oficial do jogo.<\/li>\n<li aria-level=\"1\">Fa\u00e7a o registro.<\/li>\n<li aria-level=\"1\">E escolha o caminho para instalar o pr\u00f3prio jogo.<\/li>\n<\/ol>\n<p>Todos esses jogadores podem fazer isso em v\u00e1rios dispositivos de jogos. Eles podem instalar facilmente o Aviator Predictor com um clique. O suporte a qualquer dispositivo permitir\u00e1 que o jogador jogue em qualquer lugar e a qualquer momento, sem perder todos os recursos dispon\u00edveis.<\/p>\n<h2>Como come\u00e7ar?<\/h2>\n<p>Para come\u00e7ar a jogar o Aviator Predictor, o jogador s\u00f3 precisa ter o seguinte:<\/p>\n<ul>\n<li aria-level=\"1\">um bom humor;<\/li>\n<li aria-level=\"1\">Internet est\u00e1vel;<\/li>\n<li aria-level=\"1\">e tempo livre.<\/li>\n<\/ul>\n<p>Ao instalar esse jogo, voc\u00ea pode combinar neg\u00f3cios com prazer e tamb\u00e9m obter emo\u00e7\u00f5es v\u00edvidas que s\u00e3o t\u00e3o dif\u00edceis de obter em outro jogo. O Predictor Aviator Game \u00e9 uma oportunidade \u00fanica de obter o que \u00e9 t\u00e3o dif\u00edcil de encontrar em outros jogos.<\/p>\n<div class=\"play-now-get-btn\"><a href=\"\/go-casino\/?brand=slot-aviator\" target=\"_blank\" rel=\"noopener\">JOGUE AGORA<\/a><\/div>\n<style>\n.play-now-get-btn {\n  text-align:center;\n  margin: 20px 0;\n}\n.play-now-get-btn a {\n  text-align: center;\n    display: inline-block;\n    background: #ff3d00;\n    color: #fff !important;\n    text-decoration: none !important;\n    border-radius: 5px;\n    padding: 15px 25px;\n    font-weight: bold;\n}\n.play-now-get-btn a:hover {\n    background: #d93400;\n}\n<\/style>\n<h2>Predictor Registro de Aviator<\/h2>\n<p>Antes de come\u00e7ar a jogar esse jogo, o jogador deve criar uma conta. O processo de registro do predictor Aviator \u00e9 bastante simples e n\u00e3o levar\u00e1 muito tempo. Para fazer isso, voc\u00ea s\u00f3 precisa do seguinte:<\/p>\n<ol>\n<li aria-level=\"1\">Visite o site do jogo.<\/li>\n<li aria-level=\"1\">V\u00e1 para a se\u00e7\u00e3o para criar um jogo.<\/li>\n<li aria-level=\"1\">Insira seus dados.<\/li>\n<\/ol>\n<p>Depois disso, o jogador s\u00f3 precisa concluir o registro da sua conta.<\/p>\n<h2>Login do Predictor Aviator<\/h2>\n<p>Depois que o usu\u00e1rio estiver registrado e j\u00e1 tiver sua conta no jogo. O jogador s\u00f3 precisa fazer o login no Predictor Aviator e iniciar o jogo propriamente dito. O usu\u00e1rio deve inserir seus dados com a senha, e ele ir\u00e1 automaticamente para sua conta nesse jogo.<\/p>\n<p>H\u00e1 tamb\u00e9m uma an\u00e1lise do Predictor Aviator que ajuda os jogadores a lidar com todas as dificuldades em seu caminho.<\/p>\n<h2>Tela Favoritos ao vivo<\/h2>\n<p><img loading=\"lazy\" decoding=\"async\" class=\"aligncenter wp-image-47\" src=\"https:\/\/aviator-game-online.net\/wp-content\/uploads\/2023\/04\/predictor-aviator-game.jpg\" alt=\"\" width=\"800\" height=\"321\" srcset=\"https:\/\/aviator-game-online.net\/wp-content\/uploads\/2023\/04\/predictor-aviator-game.jpg 1005w, https:\/\/aviator-game-online.net\/wp-content\/uploads\/2023\/04\/predictor-aviator-game-300x120.jpg 300w, https:\/\/aviator-game-online.net\/wp-content\/uploads\/2023\/04\/predictor-aviator-game-768x308.jpg 768w\" sizes=\"auto, (max-width: 800px) 100vw, 800px\" \/><\/p>\n<p>Depois de se registrar e fazer o download do Predictor Aviator, voc\u00ea poder\u00e1 usar o modo de jogo ao vivo. Esse modo lhe oferece v\u00e1rias possibilidades, como:<\/p>\n<ul>\n<li aria-level=\"1\">transmitindo toda a atmosfera do jogo;<\/li>\n<li aria-level=\"1\">imergindo o usu\u00e1rio no jogo;<\/li>\n<li aria-level=\"1\">recebendo v\u00e1rios b\u00f4nus e promo\u00e7\u00f5es exclusivos durante o jogo.<\/li>\n<\/ul>\n<p>Al\u00e9m disso, voc\u00ea receber\u00e1 informa\u00e7\u00f5es adicionais exclusivas que o ajudar\u00e3o a conhecer o jogo de outra perspectiva de jogo igualmente fascinante. Al\u00e9m disso, voc\u00ea receber\u00e1 v\u00e1rios b\u00f4nus e poder\u00e1 aproveitar uma variedade de benef\u00edcios e aumentar sua chance de ganhar o m\u00e1ximo de dinheiro poss\u00edvel.<\/p>\n<div class=\"play-now-get-btn\"><a href=\"\/go-casino\/?brand=slot-aviator\" target=\"_blank\" rel=\"noopener\">OBTER B\u00d4NUS<\/a><\/div>\n<style>\n.play-now-get-btn {\n  text-align:center;\n  margin: 20px 0;\n}\n.play-now-get-btn a {\n  text-align: center;\n    display: inline-block;\n    background: #ff3d00;\n    color: #fff !important;\n    text-decoration: none !important;\n    border-radius: 5px;\n    padding: 15px 25px;\n    font-weight: bold;\n}\n.play-now-get-btn a:hover {\n    background: #d93400;\n}\n<\/style>\n<h2>Previs\u00e3o<\/h2>\n<p>Voc\u00ea est\u00e1 se divertindo com esse jogo. Voc\u00ea pode descobrir seu n\u00edvel atual de sorte e intui\u00e7\u00e3o. Voc\u00ea est\u00e1 jogando diretamente. Depende da sorte e do multiplicador do usu\u00e1rio. Pode ser interessante para os jogadores saciarem sua empolga\u00e7\u00e3o com o jogo e aumentarem seu saldo com os sucessivos ganhos. Muito provavelmente, as previs\u00f5es de vit\u00f3rias nesse jogo n\u00e3o poder\u00e3o parar, pois ele pode dar ao jogador emo\u00e7\u00f5es v\u00edvidas de vit\u00f3ria, e uma variedade de ofertas exclusivas aumenta n\u00e3o apenas a empolga\u00e7\u00e3o, mas tamb\u00e9m o saldo do usu\u00e1rio.<\/p>\n<h2>Onde baixar o Aviator Predictor?<\/h2>\n<p>Para que um usu\u00e1rio instale esse jogo em seu dispositivo, ele s\u00f3 precisa visitar o site oficial do jogo. Ao visitar o site do jogo, voc\u00ea poder\u00e1 encontrar o link de instala\u00e7\u00e3o que permite instalar o jogo em seu dispositivo. Al\u00e9m disso, os usu\u00e1rios podem ler a an\u00e1lise do Predictor Aviator, que visa ajudar o usu\u00e1rio a instalar a vers\u00e3o correta e compat\u00edvel deste jogo em seu dispositivo de jogo.<\/p>\n","protected":false},"excerpt":{"rendered":"<p>Certamente, todo jogador n\u00e3o se importaria em conhecer e jogar uma \u00f3tima op\u00e7\u00e3o de jogo.<\/p>\n","protected":false},"author":1,"featured_media":0,"parent":0,"menu_order":0,"comment_status":"closed","ping_status":"closed","template":"","meta":{"footnotes":""},"class_list":["post-43","page","type-page","status-publish","hentry"],"yoast_head":"<!-- This site is optimized with the Yoast SEO plugin v26.0 - https:\/\/yoast.com\/wordpress\/plugins\/seo\/ -->\n<title>Predictor Aviator - O que \u00e9 isso? - aviator-game-online.net<\/title>\n<meta name=\"description\" content=\"Com o Predictor Aviator, o jogo de cassino, o Aviator se torna simples e f\u00e1cil! Baixe nosso aplicativo e maximize suas chances de ganhar nesse jogo.\" \/>\n<meta name=\"robots\" content=\"index, follow, max-snippet:-1, max-image-preview:large, max-video-preview:-1\" \/>\n<link rel=\"canonical\" href=\"https:\/\/aviator-game-online.net\/pt-br\/predictor\/\" \/>\n<meta property=\"og:locale\" content=\"pt_BR\" \/>\n<meta property=\"og:type\" content=\"article\" \/>\n<meta property=\"og:title\" content=\"Predictor Aviator - O que \u00e9 isso? - aviator-game-online.net\" \/>\n<meta property=\"og:description\" content=\"Com o Predictor Aviator, o jogo de cassino, o Aviator se torna simples e f\u00e1cil! Baixe nosso aplicativo e maximize suas chances de ganhar nesse jogo.\" \/>\n<meta property=\"og:url\" content=\"https:\/\/aviator-game-online.net\/pt-br\/predictor\/\" \/>\n<meta property=\"og:site_name\" content=\"aviator-game-online.net\" \/>\n<meta property=\"article:modified_time\" content=\"2023-09-01T06:39:07+00:00\" \/>\n<meta property=\"og:image\" content=\"https:\/\/aviator-game-online.net\/wp-content\/uploads\/2023\/04\/predictor-aviator.jpg\" \/>\n<meta name=\"twitter:card\" content=\"summary_large_image\" \/>\n<meta name=\"twitter:label1\" content=\"Est. tempo de leitura\" \/>\n\t<meta name=\"twitter:data1\" content=\"4 minutos\" \/>\n<script type=\"application\/ld+json\" class=\"yoast-schema-graph\">{\"@context\":\"https:\/\/schema.org\",\"@graph\":[{\"@type\":\"WebPage\",\"@id\":\"https:\/\/aviator-game-online.net\/pt-br\/predictor\/\",\"url\":\"https:\/\/aviator-game-online.net\/pt-br\/predictor\/\",\"name\":\"Predictor Aviator - O que \u00e9 isso? - aviator-game-online.net\",\"isPartOf\":{\"@id\":\"https:\/\/aviator-game-online.net\/pt-br\/#website\"},\"primaryImageOfPage\":{\"@id\":\"https:\/\/aviator-game-online.net\/pt-br\/predictor\/#primaryimage\"},\"image\":{\"@id\":\"https:\/\/aviator-game-online.net\/pt-br\/predictor\/#primaryimage\"},\"thumbnailUrl\":\"https:\/\/aviator-game-online.net\/wp-content\/uploads\/2023\/04\/predictor-aviator.jpg\",\"datePublished\":\"2023-04-28T07:05:35+00:00\",\"dateModified\":\"2023-09-01T06:39:07+00:00\",\"description\":\"Com o Predictor Aviator, o jogo de cassino, o Aviator se torna simples e f\u00e1cil! Baixe nosso aplicativo e maximize suas chances de ganhar nesse jogo.\",\"breadcrumb\":{\"@id\":\"https:\/\/aviator-game-online.net\/pt-br\/predictor\/#breadcrumb\"},\"inLanguage\":\"pt-BR\",\"potentialAction\":[{\"@type\":\"ReadAction\",\"target\":[\"https:\/\/aviator-game-online.net\/pt-br\/predictor\/\"]}]},{\"@type\":\"ImageObject\",\"inLanguage\":\"pt-BR\",\"@id\":\"https:\/\/aviator-game-online.net\/pt-br\/predictor\/#primaryimage\",\"url\":\"https:\/\/aviator-game-online.net\/wp-content\/uploads\/2023\/04\/predictor-aviator.jpg\",\"contentUrl\":\"https:\/\/aviator-game-online.net\/wp-content\/uploads\/2023\/04\/predictor-aviator.jpg\"},{\"@type\":\"BreadcrumbList\",\"@id\":\"https:\/\/aviator-game-online.net\/pt-br\/predictor\/#breadcrumb\",\"itemListElement\":[{\"@type\":\"ListItem\",\"position\":1,\"name\":\"Home\",\"item\":\"https:\/\/aviator-game-online.net\/pt-br\/\"},{\"@type\":\"ListItem\",\"position\":2,\"name\":\"Predictor Aviator &#8211; O que \u00e9 isso?\"}]},{\"@type\":\"WebSite\",\"@id\":\"https:\/\/aviator-game-online.net\/pt-br\/#website\",\"url\":\"https:\/\/aviator-game-online.net\/pt-br\/\",\"name\":\"aviator-game-online.net\",\"description\":\"\",\"publisher\":{\"@id\":\"https:\/\/aviator-game-online.net\/pt-br\/#organization\"},\"potentialAction\":[{\"@type\":\"SearchAction\",\"target\":{\"@type\":\"EntryPoint\",\"urlTemplate\":\"https:\/\/aviator-game-online.net\/pt-br\/?s={search_term_string}\"},\"query-input\":{\"@type\":\"PropertyValueSpecification\",\"valueRequired\":true,\"valueName\":\"search_term_string\"}}],\"inLanguage\":\"pt-BR\"},{\"@type\":\"Organization\",\"@id\":\"https:\/\/aviator-game-online.net\/pt-br\/#organization\",\"name\":\"aviator-game-online.net\",\"url\":\"https:\/\/aviator-game-online.net\/pt-br\/\",\"logo\":{\"@type\":\"ImageObject\",\"inLanguage\":\"pt-BR\",\"@id\":\"https:\/\/aviator-game-online.net\/pt-br\/#\/schema\/logo\/image\/\",\"url\":\"https:\/\/aviator-game-online.net\/wp-content\/uploads\/2023\/04\/1-1.png\",\"contentUrl\":\"https:\/\/aviator-game-online.net\/wp-content\/uploads\/2023\/04\/1-1.png\",\"width\":220,\"height\":80,\"caption\":\"aviator-game-online.net\"},\"image\":{\"@id\":\"https:\/\/aviator-game-online.net\/pt-br\/#\/schema\/logo\/image\/\"}}]}<\/script>\n<!-- \/ Yoast SEO plugin. -->","yoast_head_json":{"title":"Predictor Aviator - O que \u00e9 isso? - aviator-game-online.net","description":"Com o Predictor Aviator, o jogo de cassino, o Aviator se torna simples e f\u00e1cil! Baixe nosso aplicativo e maximize suas chances de ganhar nesse jogo.","robots":{"index":"index","follow":"follow","max-snippet":"max-snippet:-1","max-image-preview":"max-image-preview:large","max-video-preview":"max-video-preview:-1"},"canonical":"https:\/\/aviator-game-online.net\/pt-br\/predictor\/","og_locale":"pt_BR","og_type":"article","og_title":"Predictor Aviator - O que \u00e9 isso? - aviator-game-online.net","og_description":"Com o Predictor Aviator, o jogo de cassino, o Aviator se torna simples e f\u00e1cil! Baixe nosso aplicativo e maximize suas chances de ganhar nesse jogo.","og_url":"https:\/\/aviator-game-online.net\/pt-br\/predictor\/","og_site_name":"aviator-game-online.net","article_modified_time":"2023-09-01T06:39:07+00:00","og_image":[{"url":"https:\/\/aviator-game-online.net\/wp-content\/uploads\/2023\/04\/predictor-aviator.jpg","type":"","width":"","height":""}],"twitter_card":"summary_large_image","twitter_misc":{"Est. tempo de leitura":"4 minutos"},"schema":{"@context":"https:\/\/schema.org","@graph":[{"@type":"WebPage","@id":"https:\/\/aviator-game-online.net\/pt-br\/predictor\/","url":"https:\/\/aviator-game-online.net\/pt-br\/predictor\/","name":"Predictor Aviator - O que \u00e9 isso? - aviator-game-online.net","isPartOf":{"@id":"https:\/\/aviator-game-online.net\/pt-br\/#website"},"primaryImageOfPage":{"@id":"https:\/\/aviator-game-online.net\/pt-br\/predictor\/#primaryimage"},"image":{"@id":"https:\/\/aviator-game-online.net\/pt-br\/predictor\/#primaryimage"},"thumbnailUrl":"https:\/\/aviator-game-online.net\/wp-content\/uploads\/2023\/04\/predictor-aviator.jpg","datePublished":"2023-04-28T07:05:35+00:00","dateModified":"2023-09-01T06:39:07+00:00","description":"Com o Predictor Aviator, o jogo de cassino, o Aviator se torna simples e f\u00e1cil! Baixe nosso aplicativo e maximize suas chances de ganhar nesse jogo.","breadcrumb":{"@id":"https:\/\/aviator-game-online.net\/pt-br\/predictor\/#breadcrumb"},"inLanguage":"pt-BR","potentialAction":[{"@type":"ReadAction","target":["https:\/\/aviator-game-online.net\/pt-br\/predictor\/"]}]},{"@type":"ImageObject","inLanguage":"pt-BR","@id":"https:\/\/aviator-game-online.net\/pt-br\/predictor\/#primaryimage","url":"https:\/\/aviator-game-online.net\/wp-content\/uploads\/2023\/04\/predictor-aviator.jpg","contentUrl":"https:\/\/aviator-game-online.net\/wp-content\/uploads\/2023\/04\/predictor-aviator.jpg"},{"@type":"BreadcrumbList","@id":"https:\/\/aviator-game-online.net\/pt-br\/predictor\/#breadcrumb","itemListElement":[{"@type":"ListItem","position":1,"name":"Home","item":"https:\/\/aviator-game-online.net\/pt-br\/"},{"@type":"ListItem","position":2,"name":"Predictor Aviator &#8211; O que \u00e9 isso?"}]},{"@type":"WebSite","@id":"https:\/\/aviator-game-online.net\/pt-br\/#website","url":"https:\/\/aviator-game-online.net\/pt-br\/","name":"aviator-game-online.net","description":"","publisher":{"@id":"https:\/\/aviator-game-online.net\/pt-br\/#organization"},"potentialAction":[{"@type":"SearchAction","target":{"@type":"EntryPoint","urlTemplate":"https:\/\/aviator-game-online.net\/pt-br\/?s={search_term_string}"},"query-input":{"@type":"PropertyValueSpecification","valueRequired":true,"valueName":"search_term_string"}}],"inLanguage":"pt-BR"},{"@type":"Organization","@id":"https:\/\/aviator-game-online.net\/pt-br\/#organization","name":"aviator-game-online.net","url":"https:\/\/aviator-game-online.net\/pt-br\/","logo":{"@type":"ImageObject","inLanguage":"pt-BR","@id":"https:\/\/aviator-game-online.net\/pt-br\/#\/schema\/logo\/image\/","url":"https:\/\/aviator-game-online.net\/wp-content\/uploads\/2023\/04\/1-1.png","contentUrl":"https:\/\/aviator-game-online.net\/wp-content\/uploads\/2023\/04\/1-1.png","width":220,"height":80,"caption":"aviator-game-online.net"},"image":{"@id":"https:\/\/aviator-game-online.net\/pt-br\/#\/schema\/logo\/image\/"}}]}},"_links":{"self":[{"href":"https:\/\/aviator-game-online.net\/pt-br\/wp-json\/wp\/v2\/pages\/43","targetHints":{"allow":["GET"]}}],"collection":[{"href":"https:\/\/aviator-game-online.net\/pt-br\/wp-json\/wp\/v2\/pages"}],"about":[{"href":"https:\/\/aviator-game-online.net\/pt-br\/wp-json\/wp\/v2\/types\/page"}],"author":[{"embeddable":true,"href":"https:\/\/aviator-game-online.net\/pt-br\/wp-json\/wp\/v2\/users\/1"}],"replies":[{"embeddable":true,"href":"https:\/\/aviator-game-online.net\/pt-br\/wp-json\/wp\/v2\/comments?post=43"}],"version-history":[{"count":7,"href":"https:\/\/aviator-game-online.net\/pt-br\/wp-json\/wp\/v2\/pages\/43\/revisions"}],"predecessor-version":[{"id":120,"href":"https:\/\/aviator-game-online.net\/pt-br\/wp-json\/wp\/v2\/pages\/43\/revisions\/120"}],"wp:attachment":[{"href":"https:\/\/aviator-game-online.net\/pt-br\/wp-json\/wp\/v2\/media?parent=43"}],"curies":[{"name":"wp","href":"https:\/\/api.w.org\/{rel}","templated":true}]}}